{"id":78,"date":"2025-02-11T11:06:26","date_gmt":"2025-02-11T11:06:26","guid":{"rendered":"https:\/\/gabinetepsicopedagogicocamas.es\/?page_id=78"},"modified":"2025-02-14T13:20:58","modified_gmt":"2025-02-14T13:20:58","slug":"politica-de-privacidad","status":"publish","type":"page","link":"https:\/\/gabinetepsicopedagogicocamas.es\/en\/politica-de-privacidad\/","title":{"rendered":"Privacy policy"},"content":{"rendered":"<div data-elementor-type=\"wp-page\" data-elementor-id=\"78\" class=\"elementor elementor-78\">\n\t\t\t\t\t\t<header class=\"elementor-section elementor-top-section elementor-element elementor-element-3908abb7 elementor-section-content-middle elementor-section-height-min-height elementor-section-boxed elementor-section-height-default elementor-section-items-middle\" data-id=\"3908abb7\" data-element_type=\"section\" data-settings=\"{&quot;background_background&quot;:&quot;classic&quot;,&quot;shape_divider_bottom&quot;:&quot;wave-brush&quot;}\">\n\t\t\t\t\t\t\t<div class=\"elementor-background-overlay\"><\/div>\n\t\t\t\t\t\t<div class=\"elementor-shape elementor-shape-bottom\" data-negative=\"false\">\n\t\t\t<svg xmlns=\"http:\/\/www.w3.org\/2000\/svg\" viewbox=\"0 0 283.5 27.8\" preserveaspectratio=\"none\">\n\t<path class=\"elementor-shape-fill\" d=\"M283.5,9.7c0,0-7.3,4.3-14,4.6c-6.8,0.3-12.6,0-20.9-1.5c-11.3-2-33.1-10.1-44.7-5.7\ts-12.1,4.6-18,7.4c-6.6,3.2-20,9.6-36.6,9.3C131.6,23.5,99.5,7.2,86.3,8c-1.4,0.1-6.6,0.8-10.5,2c-3.8,1.2-9.4,3.8-17,4.7\tc-3.2,0.4-8.3,1.1-14.2,0.9c-1.5-0.1-6.3-0.4-12-1.6c-5.7-1.2-11-3.1-15.8-3.7C6.5,9.2,0,10.8,0,10.8V0h283.5V9.7z M260.8,11.3\tc-0.7-1-2-0.4-4.3-0.4c-2.3,0-6.1-1.2-5.8-1.1c0.3,0.1,3.1,1.5,6,1.9C259.7,12.2,261.4,12.3,260.8,11.3z M242.4,8.6\tc0,0-2.4-0.2-5.6-0.9c-3.2-0.8-10.3-2.8-15.1-3.5c-8.2-1.1-15.8,0-15.1,0.1c0.8,0.1,9.6-0.6,17.6,1.1c3.3,0.7,9.3,2.2,12.4,2.7\tC239.9,8.7,242.4,8.6,242.4,8.6z M185.2,8.5c1.7-0.7-13.3,4.7-18.5,6.1c-2.1,0.6-6.2,1.6-10,2c-3.9,0.4-8.9,0.4-8.8,0.5\tc0,0.2,5.8,0.8,11.2,0c5.4-0.8,5.2-1.1,7.6-1.6C170.5,14.7,183.5,9.2,185.2,8.5z M199.1,6.9c0.2,0-0.8-0.4-4.8,1.1\tc-4,1.5-6.7,3.5-6.9,3.7c-0.2,0.1,3.5-1.8,6.6-3C197,7.5,199,6.9,199.1,6.9z M283,6c-0.1,0.1-1.9,1.1-4.8,2.5s-6.9,2.8-6.7,2.7\tc0.2,0,3.5-0.6,7.4-2.5C282.8,6.8,283.1,5.9,283,6z M31.3,11.6c0.1-0.2-1.9-0.2-4.5-1.2s-5.4-1.6-7.8-2C15,7.6,7.3,8.5,7.7,8.6\tC8,8.7,15.9,8.3,20.2,9.3c2.2,0.5,2.4,0.5,5.7,1.6S31.2,11.9,31.3,11.6z M73,9.2c0.4-0.1,3.5-1.6,8.4-2.6c4.9-1.1,8.9-0.5,8.9-0.8\tc0-0.3-1-0.9-6.2-0.3S72.6,9.3,73,9.2z M71.6,6.7C71.8,6.8,75,5.4,77.3,5c2.3-0.3,1.9-0.5,1.9-0.6c0-0.1-1.1-0.2-2.7,0.2\tC74.8,5.1,71.4,6.6,71.6,6.7z M93.6,4.4c0.1,0.2,3.5,0.8,5.6,1.8c2.1,1,1.8,0.6,1.9,0.5c0.1-0.1-0.8-0.8-2.4-1.3\tC97.1,4.8,93.5,4.2,93.6,4.4z M65.4,11.1c-0.1,0.3,0.3,0.5,1.9-0.2s2.6-1.3,2.2-1.2s-0.9,0.4-2.5,0.8C65.3,10.9,65.5,10.8,65.4,11.1\tz M34.5,12.4c-0.2,0,2.1,0.8,3.3,0.9c1.2,0.1,2,0.1,2-0.2c0-0.3-0.1-0.5-1.6-0.4C36.6,12.8,34.7,12.4,34.5,12.4z M152.2,21.1\tc-0.1,0.1-2.4-0.3-7.5-0.3c-5,0-13.6-2.4-17.2-3.5c-3.6-1.1,10,3.9,16.5,4.1C150.5,21.6,152.3,21,152.2,21.1z\"\/>\n\t<path class=\"elementor-shape-fill\" d=\"M269.6,18c-0.1-0.1-4.6,0.3-7.2,0c-7.3-0.7-17-3.2-16.6-2.9c0.4,0.3,13.7,3.1,17,3.3\tC267.7,18.8,269.7,18,269.6,18z\"\/>\n\t<path class=\"elementor-shape-fill\" d=\"M227.4,9.8c-0.2-0.1-4.5-1-9.5-1.2c-5-0.2-12.7,0.6-12.3,0.5c0.3-0.1,5.9-1.8,13.3-1.2\tS227.6,9.9,227.4,9.8z\"\/>\n\t<path class=\"elementor-shape-fill\" d=\"M204.5,13.4c-0.1-0.1,2-1,3.2-1.1c1.2-0.1,2,0,2,0.3c0,0.3-0.1,0.5-1.6,0.4\tC206.4,12.9,204.6,13.5,204.5,13.4z\"\/>\n\t<path class=\"elementor-shape-fill\" d=\"M201,10.6c0-0.1-4.4,1.2-6.3,2.2c-1.9,0.9-6.2,3.1-6.1,3.1c0.1,0.1,4.2-1.6,6.3-2.6\tS201,10.7,201,10.6z\"\/>\n\t<path class=\"elementor-shape-fill\" d=\"M154.5,26.7c-0.1-0.1-4.6,0.3-7.2,0c-7.3-0.7-17-3.2-16.6-2.9c0.4,0.3,13.7,3.1,17,3.3\tC152.6,27.5,154.6,26.8,154.5,26.7z\"\/>\n\t<path class=\"elementor-shape-fill\" d=\"M41.9,19.3c0,0,1.2-0.3,2.9-0.1c1.7,0.2,5.8,0.9,8.2,0.7c4.2-0.4,7.4-2.7,7-2.6\tc-0.4,0-4.3,2.2-8.6,1.9c-1.8-0.1-5.1-0.5-6.7-0.4S41.9,19.3,41.9,19.3z\"\/>\n\t<path class=\"elementor-shape-fill\" d=\"M75.5,12.6c0.2,0.1,2-0.8,4.3-1.1c2.3-0.2,2.1-0.3,2.1-0.5c0-0.1-1.8-0.4-3.4,0\tC76.9,11.5,75.3,12.5,75.5,12.6z\"\/>\n\t<path class=\"elementor-shape-fill\" d=\"M15.6,13.2c0-0.1,4.3,0,6.7,0.5c2.4,0.5,5,1.9,5,2c0,0.1-2.7-0.8-5.1-1.4\tC19.9,13.7,15.7,13.3,15.6,13.2z\"\/>\n<\/svg>\t\t<\/div>\n\t\t\t\t\t<div class=\"elementor-container elementor-column-gap-extended\">\n\t\t\t\t\t<div class=\"elementor-column elementor-col-100 elementor-top-column elementor-element elementor-element-10a6a9ac\" data-id=\"10a6a9ac\" data-element_type=\"column\">\n\t\t\t<div class=\"elementor-widget-wrap elementor-element-populated\">\n\t\t\t\t\t\t<div class=\"elementor-element elementor-element-60a702ba elementor-invisible elementor-widget elementor-widget-heading\" data-id=\"60a702ba\" data-element_type=\"widget\" data-settings=\"{&quot;_animation&quot;:&quot;fadeInDown&quot;}\" data-widget_type=\"heading.default\">\n\t\t\t\t<div class=\"elementor-widget-container\">\n\t\t\t\t\t<h1 class=\"elementor-heading-title elementor-size-default\">Privacy policy<\/h1>\t\t\t\t<\/div>\n\t\t\t\t<\/div>\n\t\t\t\t\t<\/div>\n\t\t<\/div>\n\t\t\t\t\t<\/div>\n\t\t<\/header>\n\t\t\t\t<section class=\"elementor-section elementor-top-section elementor-element elementor-element-77c780cb elementor-section-content-middle elementor-section-boxed elementor-section-height-default elementor-section-height-default\" data-id=\"77c780cb\" data-element_type=\"section\" data-settings=\"{&quot;shape_divider_bottom&quot;:&quot;opacity-tilt&quot;,&quot;background_background&quot;:&quot;classic&quot;}\">\n\t\t\t\t\t\t\t<div class=\"elementor-background-overlay\"><\/div>\n\t\t\t\t\t\t<div class=\"elementor-shape elementor-shape-bottom\" data-negative=\"false\">\n\t\t\t<svg xmlns=\"http:\/\/www.w3.org\/2000\/svg\" viewbox=\"0 0 2600 131.1\" preserveaspectratio=\"none\">\n\t<path class=\"elementor-shape-fill\" d=\"M0 0L2600 0 2600 69.1 0 0z\"\/>\n\t<path class=\"elementor-shape-fill\" style=\"opacity:0.5\" d=\"M0 0L2600 0 2600 69.1 0 69.1z\"\/>\n\t<path class=\"elementor-shape-fill\" style=\"opacity:0.25\" d=\"M2600 0L0 0 0 130.1 2600 69.1z\"\/>\n<\/svg>\t\t<\/div>\n\t\t\t\t\t<div class=\"elementor-container elementor-column-gap-extended\">\n\t\t\t\t\t<div class=\"elementor-column elementor-col-100 elementor-top-column elementor-element elementor-element-38f4e2f6\" data-id=\"38f4e2f6\" data-element_type=\"column\">\n\t\t\t<div class=\"elementor-widget-wrap elementor-element-populated\">\n\t\t\t\t\t\t<div class=\"elementor-element elementor-element-dbe9c02 elementor-widget elementor-widget-text-editor\" data-id=\"dbe9c02\" data-element_type=\"widget\" data-widget_type=\"text-editor.default\">\n\t\t\t\t<div class=\"elementor-widget-container\">\n\t\t\t\t\t\t\t\t\t<p><strong><u>In accordance with the provisions of current legislation on data protection, Regulation (EU) 2016\/679 of the European Parliament and of the Council of 27 April 2016 on the protection of natural persons with regard to the processing of personal data and on the free movement of such data (hereinafter, RGPD), as well as in the Organic Law 3\/2018, of 5 December, on Data Protection and guarantee of digital rights (hereinafter, LOPD-GDD), the user is informed in accordance with the provisions of articles 13 of the RGPD and 11 of the LOPD-GDD:<\/u><\/strong><\/p><p><strong><u>RESPONSIBLE<\/u><\/strong><\/p><p><strong>\u00a0Who is the controller of your data?<\/strong><\/p><ul type=\"disc\"><li><p>Company name: <strong>Jose Manuel Montalvo Espinosa<\/strong><\/p><\/li><li><p><i>DNI: <strong>52229222V<\/strong><\/i><\/p><\/li><li><p>Address:\u00a0<strong>Calle Paco Camino, 20. Camas (Sevilla). CP:41900.<\/strong><\/p><\/li><li><p>Email: <strong>s_montalvo89@hotmail.com<\/strong><\/p><\/li><li><p>Details of entry in the Commercial Register:<\/p><\/li><\/ul><p><strong><u>PURPOSE\u00a0<\/u><\/strong><\/p><p><strong>For what purposes will we process your personal data?<\/strong><\/p><p><strong>Jose Manuel Montalvo Espinosa<\/strong>\u00a0treats your information to:<\/p><ol><li><p>Maintenance of the commercial relationship and provision of the contracted service.<\/p><\/li><li><p>Preparation of a quotation tailored to your needs.<\/p><\/li><li><p>Manage email communications with stakeholders.<\/p><\/li><li><p>To carry out the company's selection processes.<\/p><\/li><li><p>Management of the company's employees and human resources.<\/p><\/li><li><p>Managing training activities<\/p><\/li><\/ol><p><strong>\u00a0\u00a0<\/strong><\/p><p><strong>How long will we have your data?<\/strong><\/p><p><strong>\u00a0<\/strong>The personal data you provide us with will be kept for as long as the current business relationship is maintained. However, in order to be as transparent as possible with you, we would like to point out that the general calculations we work with are as follows:<\/p><ul type=\"disc\"><li><p>Generic identification data (e-mail, name, surname, first name, telephone number, etc.): for the duration of the business relationship or until consent is revoked. In any case, they will be deleted when they are not going to be used for the purpose for which they were collected.<\/p><\/li><li><p>Accounting, tax and labour: six (6) years.<\/p><\/li><li><p>Labour: ten (10) years.<\/p><\/li><li><p>Selection processes: two (2) years from the date of delivery of the\u00a0<em>curriculum<\/em><\/p><\/li><\/ul><p>Despite the existence of these general deadlines, we will periodically review our systems to delete data that is no longer legally required.<\/p><p><strong><u>LEGITIMACY<\/u><\/strong><\/p><p><strong>What is the legitimacy for the processing of your data?<\/strong><\/p><p><strong>\u00a0<\/strong>Depending on the purposes for which our data is collected, the processing of your data is necessary:<\/p><ol><li><p><u>To manage the business relationship you have entered into and contracted with us.<\/u><\/p><ul type=\"disc\"><li><p>Performance of a contract (enabled by Article 6(1)(b) GDPR)<\/p><\/li><li><p>Consent of the data subject (covered by Article 6(1)(a) GDPR)<u>\u00a0<\/u><\/p><\/li><\/ul><\/li><li><p><u>Preparation of a quotation tailored to your needs.<\/u><\/p><ul type=\"disc\"><li><p>Execution of a contract and\/or pre-contractual relationship (enabled by Article 6(1)(b) GDPR)<\/p><\/li><\/ul><\/li><li><p><u>Manage email communications with stakeholders.<\/u><\/p><ul type=\"disc\"><li><p>Consent of the data subject (covered by Article 6(1)(a) GDPR)<\/p><\/li><li><p>Legitimate interest (enabled by Article 6(1)(f) GDPR)<\/p><\/li><\/ul><\/li><li><p><u>To carry out the company's selection processes.<\/u><\/p><ul type=\"disc\"><li><p>Consent of the data subject (covered by Article 6(1)(a) GDPR)<\/p><\/li><\/ul><\/li><li><p><u>Gesti\u00f3n de los empleados y recursos humanos internos de la sociedad<\/u><\/p><ul type=\"disc\"><li><p>Contractual enforcement (enabled by Article 6(1)(b) GDPR)<\/p><\/li><\/ul><\/li><li><p><u>Managing training activities<\/u><\/p><ul type=\"disc\"><li><p>Performance of a contract (enabled by Article 6(1)(b) GDPR)<\/p><\/li><li><p>Consent of the data subject (covered by Article 6(1)(a) GDPR)<\/p><\/li><\/ul><\/li><\/ol><p>Furthermore, all data collected are necessary for the provision of the service. However, those data marked with an asterisk (*) are mandatory. In the event that the compulsory data are not provided\u00a0<strong>Jose Manuel Montalvo Espinosa<\/strong>\u00a0will not be able to provide the contracted service.<\/p><p><strong><u>RIGHTS OF THE PERSONS CONCERNED<\/u><\/strong><\/p><p><strong>What are my data protection rights?<\/strong><\/p><p><strong>\u00a0<\/strong>In accordance with the provisions of articles 13 RGPD and 11.2.c) LOPDGDD, you may exercise any of the following rights by contacting us at the postal address Calle Ram\u00f3n de Montcada 37-39 bl.A es.2 piso 1B, 07180 Santa Ponca, Balearic Islands or at the e-mail address info@gestorialopezcliment.com. In any case, according to the regulations in force, you have the following recognised rights in accordance with the provisions of articles 15 to 22 RGPD and 12 to 18 LOPDGDD:<\/p><ul type=\"disc\"><li><p>Right to request access to personal data relating to the data subject.<\/p><\/li><li><p>The right to request its rectification or erasure.<\/p><\/li><li><p>The right to request the restriction of processing.<\/p><\/li><li><p>Right to object to processing.<\/p><\/li><li><p>Right to portability.<\/p><\/li><\/ul><p>You can request the forms to exercise your rights from the Data Controller, via the email address indicated in the data controller's details. Additionally, you can file a complaint with the Spanish Data Protection Agency (AEPD). More information in Section VII of this document.<\/p><p><strong><u>TARGET<\/u><\/strong><\/p><p><strong>\u00a0To which recipients will your data be communicated?<\/strong><em>\u00a0<\/em><\/p><p>You will always be informed and, where appropriate, your express consent will be requested to transfer your personal data or carry out international transfers in accordance with the regulations in force (arts. 13.1.e) and 44 RGPD, as well as art. 11.1 and 40 LOPDGDD 3\/2018).<\/p><p><strong><u>ORIGIN OF YOUR DATA<\/u><\/strong><\/p><p><strong>How did we obtain your data?\u00a0<\/strong><\/p><p>The personal data it uses <strong>Jose Manuel Montalvo Espinosa<\/strong>\u00a0 come from the interested party itself, thus complying with the aforementioned articles 13 RGPD and 11 LOPDGDDD, or from companies of the group or collaborators, about which you can obtain more information by writing to the following e-mail address <strong>s_montalvo89@hotmail.com<\/strong> \u00a0or at the Responsible Party's office at the postal address indicated in this document.<\/p><p><strong>What categories of data do we handle?<\/strong><\/p><p>The categories of personal data processed:<\/p><ol><li><p>Identification data<\/p><ul type=\"disc\"><li><p>Name<\/p><\/li><li><p>Surname<\/p><\/li><li><p>DNI \/ NIE \/ Passport or equivalent document<\/p><\/li><li><p>Postal addresses<\/p><\/li><li><p>E-mail addresses<\/p><\/li><li><p>Sex<\/p><\/li><li><p>Date of birth<\/p><\/li><li><p>Place of birth<\/p><\/li><li><p>Contact phone (mobile \/ landline)<\/p><\/li><\/ul><\/li><li><p>Financial data<\/p><ul type=\"disc\"><li><p>Bank account number<\/p><\/li><li><p>Credit card number<\/p><\/li><\/ul><\/li><li><p>Curriculum vitae<\/p><ul type=\"disc\"><li><p>Academic data<\/p><\/li><li><p>Qualifications<\/p><\/li><li><p>Hobbies and interests<\/p><\/li><li><p>Membership of associations or clubs<\/p><\/li><\/ul><\/li><\/ol><p>The processing of sensitive data will be carried out in accordance with the provisions of Articles 9 RGPD and 9 LOPDGDDD, informing the data subject in any case about which data will be used by the data controller.<\/p><p><strong><u>SUPERVISORY AUTHORITY<\/u><\/strong><\/p><p><strong>Jose Manuel Montalvo Espinosa<\/strong>\u00a0 We make every effort to comply with data protection regulations, as this is our most valuable asset. However, we inform you that in the event that you feel that your rights have been undermined, you may file a complaint with the Spanish Data Protection Agency (AEPD), located at C\/ Jorge Juan, 6. 28001 - Madrid. More information about the <a href=\"http:\/\/www.agpd.es\/\">AEPD<\/a>. Documentation produced by\u00a0<a href=\"https:\/\/legaldpo.es\/\">LegalDPO<\/a>.<\/p>\t\t\t\t\t\t\t\t<\/div>\n\t\t\t\t<\/div>\n\t\t\t\t\t<\/div>\n\t\t<\/div>\n\t\t\t\t\t<\/div>\n\t\t<\/section>\n\t\t\t\t<\/div>","protected":false},"excerpt":{"rendered":"<p>Pol\u00edtica de privacidad De conformidad con lo establecido en la legislaci\u00f3n vigente sobre protecci\u00f3n de datos, el\u00a0Reglamento (UE) 2016\/679, del [&hellip;]<\/p>","protected":false},"author":1,"featured_media":0,"parent":0,"menu_order":0,"comment_status":"closed","ping_status":"closed","template":"","meta":{"site-sidebar-layout":"no-sidebar","site-content-layout":"","ast-site-content-layout":"full-width-container","site-content-style":"default","site-sidebar-style":"default","ast-global-header-display":"","ast-banner-title-visibility":"","ast-main-header-display":"","ast-hfb-above-header-display":"","ast-hfb-below-header-display":"","ast-hfb-mobile-header-display":"","site-post-title":"disabled","ast-breadcrumbs-content":"","ast-featured-img":"disabled","footer-sml-layout":"","theme-transparent-header-meta":"","adv-header-id-meta":"","stick-header-meta":"","header-above-stick-meta":"","header-main-stick-meta":"","header-below-stick-meta":"","astra-migrate-meta-layouts":"default","ast-page-background-enabled":"default","ast-page-background-meta":{"desktop":{"background-color":"var(--ast-global-color-5)","background-image":"","background-repeat":"repeat","background-position":"center center","background-size":"auto","background-attachment":"scroll","background-type":"","background-media":"","overlay-type":"","overlay-color":"","overlay-opacity":"","overlay-gradient":""},"tablet":{"background-color":"","background-image":"","background-repeat":"repeat","background-position":"center center","background-size":"auto","background-attachment":"scroll","background-type":"","background-media":"","overlay-type":"","overlay-color":"","overlay-opacity":"","overlay-gradient":""},"mobile":{"background-color":"","background-image":"","background-repeat":"repeat","background-position":"center center","background-size":"auto","background-attachment":"scroll","background-type":"","background-media":"","overlay-type":"","overlay-color":"","overlay-opacity":"","overlay-gradient":""}},"ast-content-background-meta":{"desktop":{"background-color":"var(--ast-global-color-4)","background-image":"","background-repeat":"repeat","background-position":"center center","background-size":"auto","background-attachment":"scroll","background-type":"","background-media":"","overlay-type":"","overlay-color":"","overlay-opacity":"","overlay-gradient":""},"tablet":{"background-color":"var(--ast-global-color-4)","background-image":"","background-repeat":"repeat","background-position":"center center","background-size":"auto","background-attachment":"scroll","background-type":"","background-media":"","overlay-type":"","overlay-color":"","overlay-opacity":"","overlay-gradient":""},"mobile":{"background-color":"var(--ast-global-color-4)","background-image":"","background-repeat":"repeat","background-position":"center center","background-size":"auto","background-attachment":"scroll","background-type":"","background-media":"","overlay-type":"","overlay-color":"","overlay-opacity":"","overlay-gradient":""}},"footnotes":""},"class_list":["post-78","page","type-page","status-publish","hentry"],"yoast_head":"<!-- This site is optimized with the Yoast SEO plugin v24.4 - https:\/\/yoast.com\/wordpress\/plugins\/seo\/ -->\n<title>Pol\u00edtica de privacidad - Gabinete Psicopedagogico<\/title>\n<meta name=\"robots\" content=\"index, follow, max-snippet:-1, max-image-preview:large, max-video-preview:-1\" \/>\n<link rel=\"canonical\" href=\"https:\/\/gabinetepsicopedagogicocamas.es\/en\/politica-de-privacidad\/\" \/>\n<meta property=\"og:locale\" content=\"en_US\" \/>\n<meta property=\"og:type\" content=\"article\" \/>\n<meta property=\"og:title\" content=\"Pol\u00edtica de privacidad - Gabinete Psicopedagogico\" \/>\n<meta property=\"og:description\" content=\"Pol\u00edtica de privacidad De conformidad con lo establecido en la legislaci\u00f3n vigente sobre protecci\u00f3n de datos, el\u00a0Reglamento (UE) 2016\/679, del [&hellip;]\" \/>\n<meta property=\"og:url\" content=\"https:\/\/gabinetepsicopedagogicocamas.es\/en\/politica-de-privacidad\/\" \/>\n<meta property=\"og:site_name\" content=\"Gabinete Psicopedagogico\" \/>\n<meta property=\"article:modified_time\" content=\"2025-02-14T13:20:58+00:00\" \/>\n<meta name=\"twitter:card\" content=\"summary_large_image\" \/>\n<meta name=\"twitter:label1\" content=\"Est. reading time\" \/>\n\t<meta name=\"twitter:data1\" content=\"5 minutes\" \/>\n<script type=\"application\/ld+json\" class=\"yoast-schema-graph\">{\"@context\":\"https:\/\/schema.org\",\"@graph\":[{\"@type\":\"WebPage\",\"@id\":\"https:\/\/gabinetepsicopedagogicocamas.es\/politica-de-privacidad\/\",\"url\":\"https:\/\/gabinetepsicopedagogicocamas.es\/politica-de-privacidad\/\",\"name\":\"Pol\u00edtica de privacidad - Gabinete Psicopedagogico\",\"isPartOf\":{\"@id\":\"https:\/\/gabinetepsicopedagogicocamas.es\/#website\"},\"datePublished\":\"2025-02-11T11:06:26+00:00\",\"dateModified\":\"2025-02-14T13:20:58+00:00\",\"breadcrumb\":{\"@id\":\"https:\/\/gabinetepsicopedagogicocamas.es\/politica-de-privacidad\/#breadcrumb\"},\"inLanguage\":\"en-US\",\"potentialAction\":[{\"@type\":\"ReadAction\",\"target\":[\"https:\/\/gabinetepsicopedagogicocamas.es\/politica-de-privacidad\/\"]}]},{\"@type\":\"BreadcrumbList\",\"@id\":\"https:\/\/gabinetepsicopedagogicocamas.es\/politica-de-privacidad\/#breadcrumb\",\"itemListElement\":[{\"@type\":\"ListItem\",\"position\":1,\"name\":\"Portada\",\"item\":\"https:\/\/gabinetepsicopedagogicocamas.es\/\"},{\"@type\":\"ListItem\",\"position\":2,\"name\":\"Pol\u00edtica de privacidad\"}]},{\"@type\":\"WebSite\",\"@id\":\"https:\/\/gabinetepsicopedagogicocamas.es\/#website\",\"url\":\"https:\/\/gabinetepsicopedagogicocamas.es\/\",\"name\":\"Gabinete Psicopedagogico\",\"description\":\"\",\"publisher\":{\"@id\":\"https:\/\/gabinetepsicopedagogicocamas.es\/#organization\"},\"potentialAction\":[{\"@type\":\"SearchAction\",\"target\":{\"@type\":\"EntryPoint\",\"urlTemplate\":\"https:\/\/gabinetepsicopedagogicocamas.es\/?s={search_term_string}\"},\"query-input\":{\"@type\":\"PropertyValueSpecification\",\"valueRequired\":true,\"valueName\":\"search_term_string\"}}],\"inLanguage\":\"en-US\"},{\"@type\":\"Organization\",\"@id\":\"https:\/\/gabinetepsicopedagogicocamas.es\/#organization\",\"name\":\"Gabinete Psicopedagogico\",\"url\":\"https:\/\/gabinetepsicopedagogicocamas.es\/\",\"logo\":{\"@type\":\"ImageObject\",\"inLanguage\":\"en-US\",\"@id\":\"https:\/\/gabinetepsicopedagogicocamas.es\/#\/schema\/logo\/image\/\",\"url\":\"https:\/\/gabinetepsicopedagogicocamas.es\/wp-content\/uploads\/2025\/02\/Blue-and-White-Circle-Surfing-Club-Logo.png\",\"contentUrl\":\"https:\/\/gabinetepsicopedagogicocamas.es\/wp-content\/uploads\/2025\/02\/Blue-and-White-Circle-Surfing-Club-Logo.png\",\"width\":500,\"height\":500,\"caption\":\"Gabinete Psicopedagogico\"},\"image\":{\"@id\":\"https:\/\/gabinetepsicopedagogicocamas.es\/#\/schema\/logo\/image\/\"}}]}<\/script>\n<!-- \/ Yoast SEO plugin. -->","yoast_head_json":{"title":"Pol\u00edtica de privacidad - Gabinete Psicopedagogico","robots":{"index":"index","follow":"follow","max-snippet":"max-snippet:-1","max-image-preview":"max-image-preview:large","max-video-preview":"max-video-preview:-1"},"canonical":"https:\/\/gabinetepsicopedagogicocamas.es\/en\/politica-de-privacidad\/","og_locale":"en_US","og_type":"article","og_title":"Pol\u00edtica de privacidad - Gabinete Psicopedagogico","og_description":"Pol\u00edtica de privacidad De conformidad con lo establecido en la legislaci\u00f3n vigente sobre protecci\u00f3n de datos, el\u00a0Reglamento (UE) 2016\/679, del [&hellip;]","og_url":"https:\/\/gabinetepsicopedagogicocamas.es\/en\/politica-de-privacidad\/","og_site_name":"Gabinete Psicopedagogico","article_modified_time":"2025-02-14T13:20:58+00:00","twitter_card":"summary_large_image","twitter_misc":{"Est. reading time":"5 minutes"},"schema":{"@context":"https:\/\/schema.org","@graph":[{"@type":"WebPage","@id":"https:\/\/gabinetepsicopedagogicocamas.es\/politica-de-privacidad\/","url":"https:\/\/gabinetepsicopedagogicocamas.es\/politica-de-privacidad\/","name":"Pol\u00edtica de privacidad - Gabinete Psicopedagogico","isPartOf":{"@id":"https:\/\/gabinetepsicopedagogicocamas.es\/#website"},"datePublished":"2025-02-11T11:06:26+00:00","dateModified":"2025-02-14T13:20:58+00:00","breadcrumb":{"@id":"https:\/\/gabinetepsicopedagogicocamas.es\/politica-de-privacidad\/#breadcrumb"},"inLanguage":"en-US","potentialAction":[{"@type":"ReadAction","target":["https:\/\/gabinetepsicopedagogicocamas.es\/politica-de-privacidad\/"]}]},{"@type":"BreadcrumbList","@id":"https:\/\/gabinetepsicopedagogicocamas.es\/politica-de-privacidad\/#breadcrumb","itemListElement":[{"@type":"ListItem","position":1,"name":"Portada","item":"https:\/\/gabinetepsicopedagogicocamas.es\/"},{"@type":"ListItem","position":2,"name":"Pol\u00edtica de privacidad"}]},{"@type":"WebSite","@id":"https:\/\/gabinetepsicopedagogicocamas.es\/#website","url":"https:\/\/gabinetepsicopedagogicocamas.es\/","name":"Gabinete Psicopedagogico","description":"","publisher":{"@id":"https:\/\/gabinetepsicopedagogicocamas.es\/#organization"},"potentialAction":[{"@type":"SearchAction","target":{"@type":"EntryPoint","urlTemplate":"https:\/\/gabinetepsicopedagogicocamas.es\/?s={search_term_string}"},"query-input":{"@type":"PropertyValueSpecification","valueRequired":true,"valueName":"search_term_string"}}],"inLanguage":"en-US"},{"@type":"Organization","@id":"https:\/\/gabinetepsicopedagogicocamas.es\/#organization","name":"Gabinete Psicopedagogico","url":"https:\/\/gabinetepsicopedagogicocamas.es\/","logo":{"@type":"ImageObject","inLanguage":"en-US","@id":"https:\/\/gabinetepsicopedagogicocamas.es\/#\/schema\/logo\/image\/","url":"https:\/\/gabinetepsicopedagogicocamas.es\/wp-content\/uploads\/2025\/02\/Blue-and-White-Circle-Surfing-Club-Logo.png","contentUrl":"https:\/\/gabinetepsicopedagogicocamas.es\/wp-content\/uploads\/2025\/02\/Blue-and-White-Circle-Surfing-Club-Logo.png","width":500,"height":500,"caption":"Gabinete Psicopedagogico"},"image":{"@id":"https:\/\/gabinetepsicopedagogicocamas.es\/#\/schema\/logo\/image\/"}}]}},"_links":{"self":[{"href":"https:\/\/gabinetepsicopedagogicocamas.es\/en\/wp-json\/wp\/v2\/pages\/78","targetHints":{"allow":["GET"]}}],"collection":[{"href":"https:\/\/gabinetepsicopedagogicocamas.es\/en\/wp-json\/wp\/v2\/pages"}],"about":[{"href":"https:\/\/gabinetepsicopedagogicocamas.es\/en\/wp-json\/wp\/v2\/types\/page"}],"author":[{"embeddable":true,"href":"https:\/\/gabinetepsicopedagogicocamas.es\/en\/wp-json\/wp\/v2\/users\/1"}],"replies":[{"embeddable":true,"href":"https:\/\/gabinetepsicopedagogicocamas.es\/en\/wp-json\/wp\/v2\/comments?post=78"}],"version-history":[{"count":19,"href":"https:\/\/gabinetepsicopedagogicocamas.es\/en\/wp-json\/wp\/v2\/pages\/78\/revisions"}],"predecessor-version":[{"id":279,"href":"https:\/\/gabinetepsicopedagogicocamas.es\/en\/wp-json\/wp\/v2\/pages\/78\/revisions\/279"}],"wp:attachment":[{"href":"https:\/\/gabinetepsicopedagogicocamas.es\/en\/wp-json\/wp\/v2\/media?parent=78"}],"curies":[{"name":"wp","href":"https:\/\/api.w.org\/{rel}","templated":true}]}}